{"id":7178,"date":"2018-05-22T15:51:38","date_gmt":"2018-05-22T13:51:38","guid":{"rendered":"http:\/\/www.nextbike.net\/termini-e-condizioni\/"},"modified":"2018-06-05T12:14:07","modified_gmt":"2018-06-05T10:14:07","slug":"termini-e-condizioni","status":"publish","type":"page","link":"https:\/\/www.nextbike.net\/it\/termini-e-condizioni\/","title":{"rendered":"Termini e Condizioni"},"content":{"rendered":"<h1>Termini e Condizioni<\/h1>\n<h3><a href=\"https:\/\/www.nextbike.de\/media\/AGB_Mai_2018_dt-en.pdf\">Download as a PDF in English<\/a><\/h3>\n<p>Letzte \u00c4nderung der AGB: Mai 2018<\/p>\n<p>Folgende Punkte haben sich inhaltlich ge\u00e4ndert:<\/p>\n<ul>\n<li>\u00a79 wurde unterteilt in \u00a79 Haftung der nextbike GmbH und \u00a710 Haftung des Kunden<\/li>\n<li>Die Haftungszeit des Kunden von 48h nach Beendigung der Ausleihe wurde entfernt (ehem. \u00a7 9 Haftung der nextbike GmbH und Haftung des Kunden Absatz 7))<\/li>\n<li>alle Webseitenverweise wurden mit Hyperlinks versehen<\/li>\n<li>\u00a77 Abstellen und Parken des Mietfahrrades: Leitfaden, wie und wo R\u00e4der abgestellt werden d\u00fcrfen, wurde konkretisiert<\/li>\n<li>Wir haben unseren RadCard-Tarif in Jahrestarif umbenannt<\/li>\n<li>\u00a7 12 Nutzung der Kundenkarte, eines E-Tickets oder eines elektronischen Mitarbeiterausweises: Wir haben die Kundenkarte abgeschafft. Folgende Abs\u00e4tze wurden ge\u00e4ndert\/erg\u00e4nzt: Abs. 3) Die Versendung von nextbike-Kundenkarten als Zugangsmedium wurde eingestellt; Abs. 4) Bereits erworbene nextbike-Kundenkarten behalten ihre G\u00fcltigkeit; Abs. 5) Geht die Kundenkarte verloren, so muss der Kunde im eigenen Interesse die Karte \u00fcber die Servicehotline sperren lassen. Die Versendung einer Ersatzkarte ist nicht mehr m\u00f6glich.<\/li>\n<li>Liste der Webseiten um Deezernextbike.de und visanextbike.de erg\u00e4nzt<\/li>\n<\/ul>\n","protected":false},"excerpt":{"rendered":"<p>Termini e Condizioni Download as a PDF in English Letzte \u00c4nderung der AGB: Mai 2018 Folgende Punkte haben sich inhaltlich ge\u00e4ndert: \u00a79 wurde unterteilt in \u00a79 Haftung der nextbike GmbH&#8230;<\/p>\n","protected":false},"author":1,"featured_media":0,"parent":0,"menu_order":0,"comment_status":"closed","ping_status":"closed","template":"","meta":{"_acf_changed":false,"footnotes":""},"class_list":["post-7178","page","type-page","status-publish"],"acf":[],"yoast_head":"<!-- This site is optimized with the Yoast SEO plugin v27.2 - https:\/\/yoast.com\/product\/yoast-seo-wordpress\/ -->\n<title>Termini e Condizioni - nextbike business<\/title>\n<meta name=\"robots\" content=\"index, follow, max-snippet:-1, max-image-preview:large, max-video-preview:-1\" \/>\n<link rel=\"canonical\" href=\"https:\/\/www.nextbike.net\/it\/termini-e-condizioni\/\" \/>\n<meta property=\"og:locale\" content=\"it_IT\" \/>\n<meta property=\"og:type\" content=\"article\" \/>\n<meta property=\"og:title\" content=\"Termini e Condizioni - nextbike business\" \/>\n<meta property=\"og:description\" content=\"Termini e Condizioni Download as a PDF in English Letzte \u00c4nderung der AGB: Mai 2018 Folgende Punkte haben sich inhaltlich ge\u00e4ndert: \u00a79 wurde unterteilt in \u00a79 Haftung der nextbike GmbH...\" \/>\n<meta property=\"og:url\" content=\"https:\/\/www.nextbike.net\/it\/termini-e-condizioni\/\" \/>\n<meta property=\"og:site_name\" content=\"nextbike business\" \/>\n<meta property=\"article:publisher\" content=\"https:\/\/www.facebook.com\/nextbike\" \/>\n<meta property=\"article:modified_time\" content=\"2018-06-05T10:14:07+00:00\" \/>\n<meta name=\"twitter:card\" content=\"summary_large_image\" \/>\n<meta name=\"twitter:label1\" content=\"Est. reading time\" \/>\n\t<meta name=\"twitter:data1\" content=\"1 minute\" \/>\n<script type=\"application\/ld+json\" class=\"yoast-schema-graph\">{\"@context\":\"https:\/\/schema.org\",\"@graph\":[{\"@type\":\"WebPage\",\"@id\":\"https:\/\/www.nextbike.net\/it\/termini-e-condizioni\/\",\"url\":\"https:\/\/www.nextbike.net\/it\/termini-e-condizioni\/\",\"name\":\"Termini e Condizioni - nextbike business\",\"isPartOf\":{\"@id\":\"https:\/\/www.nextbike.net\/#website\"},\"datePublished\":\"2018-05-22T13:51:38+00:00\",\"dateModified\":\"2018-06-05T10:14:07+00:00\",\"breadcrumb\":{\"@id\":\"https:\/\/www.nextbike.net\/it\/termini-e-condizioni\/#breadcrumb\"},\"inLanguage\":\"it-IT\",\"potentialAction\":[{\"@type\":\"ReadAction\",\"target\":[\"https:\/\/www.nextbike.net\/it\/termini-e-condizioni\/\"]}]},{\"@type\":\"BreadcrumbList\",\"@id\":\"https:\/\/www.nextbike.net\/it\/termini-e-condizioni\/#breadcrumb\",\"itemListElement\":[{\"@type\":\"ListItem\",\"position\":1,\"name\":\"Startseite\",\"item\":\"https:\/\/www.nextbike.net\/it\/\"},{\"@type\":\"ListItem\",\"position\":2,\"name\":\"Termini e Condizioni\"}]},{\"@type\":\"WebSite\",\"@id\":\"https:\/\/www.nextbike.net\/#website\",\"url\":\"https:\/\/www.nextbike.net\/\",\"name\":\"nextbike business\",\"description\":\"original bike sharing\",\"publisher\":{\"@id\":\"https:\/\/www.nextbike.net\/#organization\"},\"potentialAction\":[{\"@type\":\"SearchAction\",\"target\":{\"@type\":\"EntryPoint\",\"urlTemplate\":\"https:\/\/www.nextbike.net\/?s={search_term_string}\"},\"query-input\":{\"@type\":\"PropertyValueSpecification\",\"valueRequired\":true,\"valueName\":\"search_term_string\"}}],\"inLanguage\":\"it-IT\"},{\"@type\":\"Organization\",\"@id\":\"https:\/\/www.nextbike.net\/#organization\",\"name\":\"nextbike business\",\"url\":\"https:\/\/www.nextbike.net\/\",\"logo\":{\"@type\":\"ImageObject\",\"inLanguage\":\"it-IT\",\"@id\":\"https:\/\/www.nextbike.net\/#\/schema\/logo\/image\/\",\"url\":\"\",\"contentUrl\":\"\",\"caption\":\"nextbike business\"},\"image\":{\"@id\":\"https:\/\/www.nextbike.net\/#\/schema\/logo\/image\/\"},\"sameAs\":[\"https:\/\/www.facebook.com\/nextbike\",\"https:\/\/www.instagram.com\/nextbike_official\/\",\"https:\/\/www.linkedin.com\/company\/nextbikeofficial\/\",\"https:\/\/www.youtube.com\/channel\/UC_l6-UU0QmMLz9zZwiaRzPQ\",\"https:\/\/de.wikipedia.org\/wiki\/Nextbike\"]}]}<\/script>\n<!-- \/ Yoast SEO plugin. -->","yoast_head_json":{"title":"Termini e Condizioni - nextbike business","robots":{"index":"index","follow":"follow","max-snippet":"max-snippet:-1","max-image-preview":"max-image-preview:large","max-video-preview":"max-video-preview:-1"},"canonical":"https:\/\/www.nextbike.net\/it\/termini-e-condizioni\/","og_locale":"it_IT","og_type":"article","og_title":"Termini e Condizioni - nextbike business","og_description":"Termini e Condizioni Download as a PDF in English Letzte \u00c4nderung der AGB: Mai 2018 Folgende Punkte haben sich inhaltlich ge\u00e4ndert: \u00a79 wurde unterteilt in \u00a79 Haftung der nextbike GmbH...","og_url":"https:\/\/www.nextbike.net\/it\/termini-e-condizioni\/","og_site_name":"nextbike business","article_publisher":"https:\/\/www.facebook.com\/nextbike","article_modified_time":"2018-06-05T10:14:07+00:00","twitter_card":"summary_large_image","twitter_misc":{"Est. reading time":"1 minute"},"schema":{"@context":"https:\/\/schema.org","@graph":[{"@type":"WebPage","@id":"https:\/\/www.nextbike.net\/it\/termini-e-condizioni\/","url":"https:\/\/www.nextbike.net\/it\/termini-e-condizioni\/","name":"Termini e Condizioni - nextbike business","isPartOf":{"@id":"https:\/\/www.nextbike.net\/#website"},"datePublished":"2018-05-22T13:51:38+00:00","dateModified":"2018-06-05T10:14:07+00:00","breadcrumb":{"@id":"https:\/\/www.nextbike.net\/it\/termini-e-condizioni\/#breadcrumb"},"inLanguage":"it-IT","potentialAction":[{"@type":"ReadAction","target":["https:\/\/www.nextbike.net\/it\/termini-e-condizioni\/"]}]},{"@type":"BreadcrumbList","@id":"https:\/\/www.nextbike.net\/it\/termini-e-condizioni\/#breadcrumb","itemListElement":[{"@type":"ListItem","position":1,"name":"Startseite","item":"https:\/\/www.nextbike.net\/it\/"},{"@type":"ListItem","position":2,"name":"Termini e Condizioni"}]},{"@type":"WebSite","@id":"https:\/\/www.nextbike.net\/#website","url":"https:\/\/www.nextbike.net\/","name":"nextbike business","description":"original bike sharing","publisher":{"@id":"https:\/\/www.nextbike.net\/#organization"},"potentialAction":[{"@type":"SearchAction","target":{"@type":"EntryPoint","urlTemplate":"https:\/\/www.nextbike.net\/?s={search_term_string}"},"query-input":{"@type":"PropertyValueSpecification","valueRequired":true,"valueName":"search_term_string"}}],"inLanguage":"it-IT"},{"@type":"Organization","@id":"https:\/\/www.nextbike.net\/#organization","name":"nextbike business","url":"https:\/\/www.nextbike.net\/","logo":{"@type":"ImageObject","inLanguage":"it-IT","@id":"https:\/\/www.nextbike.net\/#\/schema\/logo\/image\/","url":"","contentUrl":"","caption":"nextbike business"},"image":{"@id":"https:\/\/www.nextbike.net\/#\/schema\/logo\/image\/"},"sameAs":["https:\/\/www.facebook.com\/nextbike","https:\/\/www.instagram.com\/nextbike_official\/","https:\/\/www.linkedin.com\/company\/nextbikeofficial\/","https:\/\/www.youtube.com\/channel\/UC_l6-UU0QmMLz9zZwiaRzPQ","https:\/\/de.wikipedia.org\/wiki\/Nextbike"]}]}},"_links":{"self":[{"href":"https:\/\/www.nextbike.net\/it\/wp-json\/wp\/v2\/pages\/7178","targetHints":{"allow":["GET"]}}],"collection":[{"href":"https:\/\/www.nextbike.net\/it\/wp-json\/wp\/v2\/pages"}],"about":[{"href":"https:\/\/www.nextbike.net\/it\/wp-json\/wp\/v2\/types\/page"}],"author":[{"embeddable":true,"href":"https:\/\/www.nextbike.net\/it\/wp-json\/wp\/v2\/users\/1"}],"replies":[{"embeddable":true,"href":"https:\/\/www.nextbike.net\/it\/wp-json\/wp\/v2\/comments?post=7178"}],"version-history":[{"count":2,"href":"https:\/\/www.nextbike.net\/it\/wp-json\/wp\/v2\/pages\/7178\/revisions"}],"predecessor-version":[{"id":8151,"href":"https:\/\/www.nextbike.net\/it\/wp-json\/wp\/v2\/pages\/7178\/revisions\/8151"}],"wp:attachment":[{"href":"https:\/\/www.nextbike.net\/it\/wp-json\/wp\/v2\/media?parent=7178"}],"curies":[{"name":"wp","href":"https:\/\/api.w.org\/{rel}","templated":true}]}}