{"id":19585,"date":"2023-09-22T13:23:23","date_gmt":"2023-09-22T11:23:23","guid":{"rendered":"https:\/\/www.nextbike.net\/?page_id=19585"},"modified":"2026-01-12T15:52:58","modified_gmt":"2026-01-12T14:52:58","slug":"mentions-legales","status":"publish","type":"page","link":"https:\/\/www.nextbike.net\/fr\/mentions-legales\/","title":{"rendered":"Mentions l\u00e9gales"},"content":{"rendered":"<h2>Mentions l\u00e9gales<\/h2>\n<p>nextbike GmbH<br \/>\nKarl-Heine-Stra\u00dfe 46<br \/>\n04229 Leipzig, Allemagne<\/p>\n<p><strong>Repr\u00e9sent\u00e9 par :<br \/>\n<\/strong>Meik Bruhs, Sebastian Popp<\/p>\n<p><strong>Contact :<\/strong><br \/>\nPhone: +49 (0) 341 3089889-0<br \/>\nFax: +49 (0) 341 3089889-13<br \/>\nE-mail: <a href=\"mailto:info@nextbike.de\">info@nextbike.de<\/a><\/p>\n<p><strong>Inscription au registre :<br \/>\n<\/strong>Inscription au registre du commerce.<br \/>\nJuridiction d\u2019enregistrement\u00a0 : Amtsgericht Leipzig<br \/>\nNum\u00e9ro d\u2019enregistrement : HRB 43001<\/p>\n<p>Num\u00e9ro d&rsquo;identification de la taxe de vente : UST-ID: DE367371374<\/p>\n<p>&nbsp;<\/p>\n<p>Online dispute resolution pursuant to Art. 14 (1) ODR Regulation: The European Commission provides a platform for online dispute resolution. This can be found at\u00a0<a href=\"http:\/\/ec.europa.eu\/consumers\/odr\/\">http:\/\/ec.europa.eu\/consumers\/odr\/<\/a>.<\/p>\n<p><strong><a href=\"http:\/\/ec.europa.eu\/consumers\/odr\/\" target=\"_blank\" rel=\"noopener noreferrer\">uropa.eu\/consumers\/odr\/<\/a>.<\/strong><\/p>\n","protected":false},"excerpt":{"rendered":"<p>Mentions l\u00e9gales nextbike GmbH Karl-Heine-Stra\u00dfe 46 04229 Leipzig, Allemagne Repr\u00e9sent\u00e9 par : Meik Bruhs, Sebastian Popp Contact : Phone: +49 (0) 341 3089889-0 Fax: +49 (0) 341 3089889-13 E-mail: info@nextbike.de&#8230;<\/p>\n","protected":false},"author":11,"featured_media":0,"parent":0,"menu_order":0,"comment_status":"closed","ping_status":"closed","template":"","meta":{"_acf_changed":false,"footnotes":""},"class_list":["post-19585","page","type-page","status-publish"],"acf":[],"yoast_head":"<!-- This site is optimized with the Yoast SEO plugin v27.2 - https:\/\/yoast.com\/product\/yoast-seo-wordpress\/ -->\n<title>Mentions l\u00e9gales - nextbike business<\/title>\n<meta name=\"robots\" content=\"noindex, nofollow\" \/>\n<meta property=\"og:locale\" content=\"fr_FR\" \/>\n<meta property=\"og:type\" content=\"article\" \/>\n<meta property=\"og:title\" content=\"Mentions l\u00e9gales - nextbike business\" \/>\n<meta property=\"og:description\" content=\"Mentions l\u00e9gales nextbike GmbH Karl-Heine-Stra\u00dfe 46 04229 Leipzig, Allemagne Repr\u00e9sent\u00e9 par : Meik Bruhs, Sebastian Popp Contact : Phone: +49 (0) 341 3089889-0 Fax: +49 (0) 341 3089889-13 E-mail: info@nextbike.de...\" \/>\n<meta property=\"og:url\" content=\"https:\/\/www.nextbike.net\/fr\/mentions-legales\/\" \/>\n<meta property=\"og:site_name\" content=\"nextbike business\" \/>\n<meta property=\"article:publisher\" content=\"https:\/\/www.facebook.com\/nextbike\" \/>\n<meta property=\"article:modified_time\" content=\"2026-01-12T14:52:58+00:00\" \/>\n<meta name=\"twitter:card\" content=\"summary_large_image\" \/>\n<script type=\"application\/ld+json\" class=\"yoast-schema-graph\">{\"@context\":\"https:\/\/schema.org\",\"@graph\":[{\"@type\":\"WebPage\",\"@id\":\"https:\/\/www.nextbike.net\/fr\/mentions-legales\/\",\"url\":\"https:\/\/www.nextbike.net\/fr\/mentions-legales\/\",\"name\":\"Mentions l\u00e9gales - nextbike business\",\"isPartOf\":{\"@id\":\"https:\/\/www.nextbike.net\/#website\"},\"datePublished\":\"2023-09-22T11:23:23+00:00\",\"dateModified\":\"2026-01-12T14:52:58+00:00\",\"breadcrumb\":{\"@id\":\"https:\/\/www.nextbike.net\/fr\/mentions-legales\/#breadcrumb\"},\"inLanguage\":\"fr-FR\",\"potentialAction\":[{\"@type\":\"ReadAction\",\"target\":[\"https:\/\/www.nextbike.net\/fr\/mentions-legales\/\"]}]},{\"@type\":\"BreadcrumbList\",\"@id\":\"https:\/\/www.nextbike.net\/fr\/mentions-legales\/#breadcrumb\",\"itemListElement\":[{\"@type\":\"ListItem\",\"position\":1,\"name\":\"Startseite\",\"item\":\"https:\/\/www.nextbike.net\/fr\/\"},{\"@type\":\"ListItem\",\"position\":2,\"name\":\"Mentions l\u00e9gales\"}]},{\"@type\":\"WebSite\",\"@id\":\"https:\/\/www.nextbike.net\/#website\",\"url\":\"https:\/\/www.nextbike.net\/\",\"name\":\"nextbike business\",\"description\":\"original bike sharing\",\"publisher\":{\"@id\":\"https:\/\/www.nextbike.net\/#organization\"},\"potentialAction\":[{\"@type\":\"SearchAction\",\"target\":{\"@type\":\"EntryPoint\",\"urlTemplate\":\"https:\/\/www.nextbike.net\/?s={search_term_string}\"},\"query-input\":{\"@type\":\"PropertyValueSpecification\",\"valueRequired\":true,\"valueName\":\"search_term_string\"}}],\"inLanguage\":\"fr-FR\"},{\"@type\":\"Organization\",\"@id\":\"https:\/\/www.nextbike.net\/#organization\",\"name\":\"nextbike business\",\"url\":\"https:\/\/www.nextbike.net\/\",\"logo\":{\"@type\":\"ImageObject\",\"inLanguage\":\"fr-FR\",\"@id\":\"https:\/\/www.nextbike.net\/#\/schema\/logo\/image\/\",\"url\":\"\",\"contentUrl\":\"\",\"caption\":\"nextbike business\"},\"image\":{\"@id\":\"https:\/\/www.nextbike.net\/#\/schema\/logo\/image\/\"},\"sameAs\":[\"https:\/\/www.facebook.com\/nextbike\",\"https:\/\/www.instagram.com\/nextbike_official\/\",\"https:\/\/www.linkedin.com\/company\/nextbikeofficial\/\",\"https:\/\/www.youtube.com\/channel\/UC_l6-UU0QmMLz9zZwiaRzPQ\",\"https:\/\/de.wikipedia.org\/wiki\/Nextbike\"]}]}<\/script>\n<!-- \/ Yoast SEO plugin. -->","yoast_head_json":{"title":"Mentions l\u00e9gales - nextbike business","robots":{"index":"noindex","follow":"nofollow"},"og_locale":"fr_FR","og_type":"article","og_title":"Mentions l\u00e9gales - nextbike business","og_description":"Mentions l\u00e9gales nextbike GmbH Karl-Heine-Stra\u00dfe 46 04229 Leipzig, Allemagne Repr\u00e9sent\u00e9 par : Meik Bruhs, Sebastian Popp Contact : Phone: +49 (0) 341 3089889-0 Fax: +49 (0) 341 3089889-13 E-mail: info@nextbike.de...","og_url":"https:\/\/www.nextbike.net\/fr\/mentions-legales\/","og_site_name":"nextbike business","article_publisher":"https:\/\/www.facebook.com\/nextbike","article_modified_time":"2026-01-12T14:52:58+00:00","twitter_card":"summary_large_image","schema":{"@context":"https:\/\/schema.org","@graph":[{"@type":"WebPage","@id":"https:\/\/www.nextbike.net\/fr\/mentions-legales\/","url":"https:\/\/www.nextbike.net\/fr\/mentions-legales\/","name":"Mentions l\u00e9gales - nextbike business","isPartOf":{"@id":"https:\/\/www.nextbike.net\/#website"},"datePublished":"2023-09-22T11:23:23+00:00","dateModified":"2026-01-12T14:52:58+00:00","breadcrumb":{"@id":"https:\/\/www.nextbike.net\/fr\/mentions-legales\/#breadcrumb"},"inLanguage":"fr-FR","potentialAction":[{"@type":"ReadAction","target":["https:\/\/www.nextbike.net\/fr\/mentions-legales\/"]}]},{"@type":"BreadcrumbList","@id":"https:\/\/www.nextbike.net\/fr\/mentions-legales\/#breadcrumb","itemListElement":[{"@type":"ListItem","position":1,"name":"Startseite","item":"https:\/\/www.nextbike.net\/fr\/"},{"@type":"ListItem","position":2,"name":"Mentions l\u00e9gales"}]},{"@type":"WebSite","@id":"https:\/\/www.nextbike.net\/#website","url":"https:\/\/www.nextbike.net\/","name":"nextbike business","description":"original bike sharing","publisher":{"@id":"https:\/\/www.nextbike.net\/#organization"},"potentialAction":[{"@type":"SearchAction","target":{"@type":"EntryPoint","urlTemplate":"https:\/\/www.nextbike.net\/?s={search_term_string}"},"query-input":{"@type":"PropertyValueSpecification","valueRequired":true,"valueName":"search_term_string"}}],"inLanguage":"fr-FR"},{"@type":"Organization","@id":"https:\/\/www.nextbike.net\/#organization","name":"nextbike business","url":"https:\/\/www.nextbike.net\/","logo":{"@type":"ImageObject","inLanguage":"fr-FR","@id":"https:\/\/www.nextbike.net\/#\/schema\/logo\/image\/","url":"","contentUrl":"","caption":"nextbike business"},"image":{"@id":"https:\/\/www.nextbike.net\/#\/schema\/logo\/image\/"},"sameAs":["https:\/\/www.facebook.com\/nextbike","https:\/\/www.instagram.com\/nextbike_official\/","https:\/\/www.linkedin.com\/company\/nextbikeofficial\/","https:\/\/www.youtube.com\/channel\/UC_l6-UU0QmMLz9zZwiaRzPQ","https:\/\/de.wikipedia.org\/wiki\/Nextbike"]}]}},"_links":{"self":[{"href":"https:\/\/www.nextbike.net\/fr\/wp-json\/wp\/v2\/pages\/19585","targetHints":{"allow":["GET"]}}],"collection":[{"href":"https:\/\/www.nextbike.net\/fr\/wp-json\/wp\/v2\/pages"}],"about":[{"href":"https:\/\/www.nextbike.net\/fr\/wp-json\/wp\/v2\/types\/page"}],"author":[{"embeddable":true,"href":"https:\/\/www.nextbike.net\/fr\/wp-json\/wp\/v2\/users\/11"}],"replies":[{"embeddable":true,"href":"https:\/\/www.nextbike.net\/fr\/wp-json\/wp\/v2\/comments?post=19585"}],"version-history":[{"count":10,"href":"https:\/\/www.nextbike.net\/fr\/wp-json\/wp\/v2\/pages\/19585\/revisions"}],"predecessor-version":[{"id":21614,"href":"https:\/\/www.nextbike.net\/fr\/wp-json\/wp\/v2\/pages\/19585\/revisions\/21614"}],"wp:attachment":[{"href":"https:\/\/www.nextbike.net\/fr\/wp-json\/wp\/v2\/media?parent=19585"}],"curies":[{"name":"wp","href":"https:\/\/api.w.org\/{rel}","templated":true}]}}