{"id":7117,"date":"2018-04-23T18:19:57","date_gmt":"2018-04-23T16:19:57","guid":{"rendered":"http:\/\/www.nextbike.net\/tc\/"},"modified":"2018-06-05T12:12:48","modified_gmt":"2018-06-05T10:12:48","slug":"tc","status":"publish","type":"page","link":"https:\/\/www.nextbike.net\/en\/tc\/","title":{"rendered":"T&#038;C"},"content":{"rendered":"<h1>Terms and Conditions<\/h1>\n<h3><a href=\"https:\/\/www.nextbike.de\/media\/AGB_Mai_2018_dt-en.pdf\">Download as a PDF in English<\/a><\/h3>\n<p>Letzte \u00c4nderung der AGB: Mai 2018<\/p>\n<p>Folgende Punkte haben sich inhaltlich ge\u00e4ndert:<\/p>\n<ul>\n<li>\u00a79 wurde unterteilt in \u00a79 Haftung der nextbike GmbH und \u00a710 Haftung des Kunden<\/li>\n<li>Die Haftungszeit des Kunden von 48h nach Beendigung der Ausleihe wurde entfernt (ehem. \u00a7 9 Haftung der nextbike GmbH und Haftung des Kunden Absatz 7))<\/li>\n<li>alle Webseitenverweise wurden mit Hyperlinks versehen<\/li>\n<li>\u00a77 Abstellen und Parken des Mietfahrrades: Leitfaden, wie und wo R\u00e4der abgestellt werden d\u00fcrfen, wurde konkretisiert<\/li>\n<li>Wir haben unseren RadCard-Tarif in Jahrestarif umbenannt<\/li>\n<li>\u00a7 12 Nutzung der Kundenkarte, eines E-Tickets oder eines elektronischen Mitarbeiterausweises: Wir haben die Kundenkarte abgeschafft. Folgende Abs\u00e4tze wurden ge\u00e4ndert\/erg\u00e4nzt: Abs. 3) Die Versendung von nextbike-Kundenkarten als Zugangsmedium wurde eingestellt; Abs. 4) Bereits erworbene nextbike-Kundenkarten behalten ihre G\u00fcltigkeit; Abs. 5) Geht die Kundenkarte verloren, so muss der Kunde im eigenen Interesse die Karte \u00fcber die Servicehotline sperren lassen. Die Versendung einer Ersatzkarte ist nicht mehr m\u00f6glich.<\/li>\n<li>Liste der Webseiten um Deezernextbike.de und visanextbike.de erg\u00e4nzt<\/li>\n<\/ul>\n","protected":false},"excerpt":{"rendered":"<p>Terms and Conditions Download as a PDF in English Letzte \u00c4nderung der AGB: Mai 2018 Folgende Punkte haben sich inhaltlich ge\u00e4ndert: \u00a79 wurde unterteilt in \u00a79 Haftung der nextbike GmbH&#8230;<\/p>\n","protected":false},"author":1,"featured_media":0,"parent":0,"menu_order":0,"comment_status":"closed","ping_status":"closed","template":"","meta":{"_acf_changed":false,"footnotes":""},"class_list":["post-7117","page","type-page","status-publish"],"acf":[],"yoast_head":"<!-- This site is optimized with the Yoast SEO plugin v27.2 - https:\/\/yoast.com\/product\/yoast-seo-wordpress\/ -->\n<title>T&amp;C - nextbike business<\/title>\n<meta name=\"robots\" content=\"index, follow, max-snippet:-1, max-image-preview:large, max-video-preview:-1\" \/>\n<link rel=\"canonical\" href=\"https:\/\/www.nextbike.net\/en\/tc\/\" \/>\n<meta property=\"og:locale\" content=\"en_US\" \/>\n<meta property=\"og:type\" content=\"article\" \/>\n<meta property=\"og:title\" content=\"T&amp;C - nextbike business\" \/>\n<meta property=\"og:description\" content=\"Terms and Conditions Download as a PDF in English Letzte \u00c4nderung der AGB: Mai 2018 Folgende Punkte haben sich inhaltlich ge\u00e4ndert: \u00a79 wurde unterteilt in \u00a79 Haftung der nextbike GmbH...\" \/>\n<meta property=\"og:url\" content=\"https:\/\/www.nextbike.net\/en\/tc\/\" \/>\n<meta property=\"og:site_name\" content=\"nextbike business\" \/>\n<meta property=\"article:publisher\" content=\"https:\/\/www.facebook.com\/nextbike\" \/>\n<meta property=\"article:modified_time\" content=\"2018-06-05T10:12:48+00:00\" \/>\n<meta name=\"twitter:card\" content=\"summary_large_image\" \/>\n<meta name=\"twitter:label1\" content=\"Est. reading time\" \/>\n\t<meta name=\"twitter:data1\" content=\"1 minute\" \/>\n<script type=\"application\/ld+json\" class=\"yoast-schema-graph\">{\"@context\":\"https:\/\/schema.org\",\"@graph\":[{\"@type\":\"WebPage\",\"@id\":\"https:\/\/www.nextbike.net\/en\/tc\/\",\"url\":\"https:\/\/www.nextbike.net\/en\/tc\/\",\"name\":\"T&C - nextbike business\",\"isPartOf\":{\"@id\":\"https:\/\/www.nextbike.net\/#website\"},\"datePublished\":\"2018-04-23T16:19:57+00:00\",\"dateModified\":\"2018-06-05T10:12:48+00:00\",\"breadcrumb\":{\"@id\":\"https:\/\/www.nextbike.net\/en\/tc\/#breadcrumb\"},\"inLanguage\":\"en-US\",\"potentialAction\":[{\"@type\":\"ReadAction\",\"target\":[\"https:\/\/www.nextbike.net\/en\/tc\/\"]}]},{\"@type\":\"BreadcrumbList\",\"@id\":\"https:\/\/www.nextbike.net\/en\/tc\/#breadcrumb\",\"itemListElement\":[{\"@type\":\"ListItem\",\"position\":1,\"name\":\"Startseite\",\"item\":\"https:\/\/www.nextbike.net\/en\/\"},{\"@type\":\"ListItem\",\"position\":2,\"name\":\"T&#038;C\"}]},{\"@type\":\"WebSite\",\"@id\":\"https:\/\/www.nextbike.net\/#website\",\"url\":\"https:\/\/www.nextbike.net\/\",\"name\":\"nextbike business\",\"description\":\"original bike sharing\",\"publisher\":{\"@id\":\"https:\/\/www.nextbike.net\/#organization\"},\"potentialAction\":[{\"@type\":\"SearchAction\",\"target\":{\"@type\":\"EntryPoint\",\"urlTemplate\":\"https:\/\/www.nextbike.net\/?s={search_term_string}\"},\"query-input\":{\"@type\":\"PropertyValueSpecification\",\"valueRequired\":true,\"valueName\":\"search_term_string\"}}],\"inLanguage\":\"en-US\"},{\"@type\":\"Organization\",\"@id\":\"https:\/\/www.nextbike.net\/#organization\",\"name\":\"nextbike business\",\"url\":\"https:\/\/www.nextbike.net\/\",\"logo\":{\"@type\":\"ImageObject\",\"inLanguage\":\"en-US\",\"@id\":\"https:\/\/www.nextbike.net\/#\/schema\/logo\/image\/\",\"url\":\"\",\"contentUrl\":\"\",\"caption\":\"nextbike business\"},\"image\":{\"@id\":\"https:\/\/www.nextbike.net\/#\/schema\/logo\/image\/\"},\"sameAs\":[\"https:\/\/www.facebook.com\/nextbike\",\"https:\/\/www.instagram.com\/nextbike_official\/\",\"https:\/\/www.linkedin.com\/company\/nextbikeofficial\/\",\"https:\/\/www.youtube.com\/channel\/UC_l6-UU0QmMLz9zZwiaRzPQ\",\"https:\/\/de.wikipedia.org\/wiki\/Nextbike\"]}]}<\/script>\n<!-- \/ Yoast SEO plugin. -->","yoast_head_json":{"title":"T&C - nextbike business","robots":{"index":"index","follow":"follow","max-snippet":"max-snippet:-1","max-image-preview":"max-image-preview:large","max-video-preview":"max-video-preview:-1"},"canonical":"https:\/\/www.nextbike.net\/en\/tc\/","og_locale":"en_US","og_type":"article","og_title":"T&C - nextbike business","og_description":"Terms and Conditions Download as a PDF in English Letzte \u00c4nderung der AGB: Mai 2018 Folgende Punkte haben sich inhaltlich ge\u00e4ndert: \u00a79 wurde unterteilt in \u00a79 Haftung der nextbike GmbH...","og_url":"https:\/\/www.nextbike.net\/en\/tc\/","og_site_name":"nextbike business","article_publisher":"https:\/\/www.facebook.com\/nextbike","article_modified_time":"2018-06-05T10:12:48+00:00","twitter_card":"summary_large_image","twitter_misc":{"Est. reading time":"1 minute"},"schema":{"@context":"https:\/\/schema.org","@graph":[{"@type":"WebPage","@id":"https:\/\/www.nextbike.net\/en\/tc\/","url":"https:\/\/www.nextbike.net\/en\/tc\/","name":"T&C - nextbike business","isPartOf":{"@id":"https:\/\/www.nextbike.net\/#website"},"datePublished":"2018-04-23T16:19:57+00:00","dateModified":"2018-06-05T10:12:48+00:00","breadcrumb":{"@id":"https:\/\/www.nextbike.net\/en\/tc\/#breadcrumb"},"inLanguage":"en-US","potentialAction":[{"@type":"ReadAction","target":["https:\/\/www.nextbike.net\/en\/tc\/"]}]},{"@type":"BreadcrumbList","@id":"https:\/\/www.nextbike.net\/en\/tc\/#breadcrumb","itemListElement":[{"@type":"ListItem","position":1,"name":"Startseite","item":"https:\/\/www.nextbike.net\/en\/"},{"@type":"ListItem","position":2,"name":"T&#038;C"}]},{"@type":"WebSite","@id":"https:\/\/www.nextbike.net\/#website","url":"https:\/\/www.nextbike.net\/","name":"nextbike business","description":"original bike sharing","publisher":{"@id":"https:\/\/www.nextbike.net\/#organization"},"potentialAction":[{"@type":"SearchAction","target":{"@type":"EntryPoint","urlTemplate":"https:\/\/www.nextbike.net\/?s={search_term_string}"},"query-input":{"@type":"PropertyValueSpecification","valueRequired":true,"valueName":"search_term_string"}}],"inLanguage":"en-US"},{"@type":"Organization","@id":"https:\/\/www.nextbike.net\/#organization","name":"nextbike business","url":"https:\/\/www.nextbike.net\/","logo":{"@type":"ImageObject","inLanguage":"en-US","@id":"https:\/\/www.nextbike.net\/#\/schema\/logo\/image\/","url":"","contentUrl":"","caption":"nextbike business"},"image":{"@id":"https:\/\/www.nextbike.net\/#\/schema\/logo\/image\/"},"sameAs":["https:\/\/www.facebook.com\/nextbike","https:\/\/www.instagram.com\/nextbike_official\/","https:\/\/www.linkedin.com\/company\/nextbikeofficial\/","https:\/\/www.youtube.com\/channel\/UC_l6-UU0QmMLz9zZwiaRzPQ","https:\/\/de.wikipedia.org\/wiki\/Nextbike"]}]}},"_links":{"self":[{"href":"https:\/\/www.nextbike.net\/en\/wp-json\/wp\/v2\/pages\/7117","targetHints":{"allow":["GET"]}}],"collection":[{"href":"https:\/\/www.nextbike.net\/en\/wp-json\/wp\/v2\/pages"}],"about":[{"href":"https:\/\/www.nextbike.net\/en\/wp-json\/wp\/v2\/types\/page"}],"author":[{"embeddable":true,"href":"https:\/\/www.nextbike.net\/en\/wp-json\/wp\/v2\/users\/1"}],"replies":[{"embeddable":true,"href":"https:\/\/www.nextbike.net\/en\/wp-json\/wp\/v2\/comments?post=7117"}],"version-history":[{"count":2,"href":"https:\/\/www.nextbike.net\/en\/wp-json\/wp\/v2\/pages\/7117\/revisions"}],"predecessor-version":[{"id":7498,"href":"https:\/\/www.nextbike.net\/en\/wp-json\/wp\/v2\/pages\/7117\/revisions\/7498"}],"wp:attachment":[{"href":"https:\/\/www.nextbike.net\/en\/wp-json\/wp\/v2\/media?parent=7117"}],"curies":[{"name":"wp","href":"https:\/\/api.w.org\/{rel}","templated":true}]}}